{"id":7552,"date":"2020-04-29T02:18:33","date_gmt":"2020-04-29T00:18:33","guid":{"rendered":"https:\/\/liquosystems.de\/?page_id=7552"},"modified":"2025-10-21T16:03:54","modified_gmt":"2025-10-21T14:03:54","slug":"products","status":"publish","type":"page","link":"https:\/\/liquosystems.de\/en\/products\/","title":{"rendered":"Products"},"content":{"rendered":"<section class=\"l-section wpb_row height_small\"><div class=\"l-section-h i-cf\"><div class=\"g-cols vc_row via_flex valign_top type_default stacking_default\"><div class=\"vc_col-sm-12 wpb_column vc_column_container\"><div class=\"vc_column-inner\"><div class=\"wpb_wrapper\">[vc_custom_heading text=&#8221;ALL PRODUCTS&#8221; font_container=&#8221;tag:h2|text_align:center&#8221; use_theme_fonts=&#8221;yes&#8221; css=&#8221;%7B%22default%22%3A%7B%22color%22%3A%22%23dedc00%22%2C%22font-weight%22%3A%22300%22%2C%22font-size%22%3A%2230px%22%2C%22line-height%22%3A%2235px%22%7D%2C%22tablets%22%3A%7B%22color%22%3A%22%23dedc00%22%2C%22font-size%22%3A%2240px%22%2C%22line-height%22%3A%2245px%22%7D%2C%22mobiles%22%3A%7B%22color%22%3A%22%23dedc00%22%2C%22font-size%22%3A%2230px%22%2C%22line-height%22%3A%2235px%22%7D%7D&#8221;]<div class=\"w-separator size_medium\"><\/div><div class=\"w-grid us_grid us_custom_b5342c0d type_masonry layout_5792 cols_4 overflow_hidden preload_style_spinner with_isotope with_css_animation\" id=\"shop\" style=\"--columns:4;--gap:1rem;\"><style>@media (max-width:1024px){#shop{--columns:2!important}}@media (max-width:600px){#shop{--columns:1!important}}@media (min-width:1024px){#shop .w-post-elm.post_title{font-size:20px!important}}.layout_5792 .w-grid-item-h{border-radius:0.7rem;box-shadow:0 0.01rem 0.02rem rgba(0,0,0,0.1),0 0.03rem 0.1rem rgba(0,0,0,0.1);transition-duration:0.3s}.no-touch .layout_5792 .w-grid-item-h:hover{box-shadow:0 0.08rem 0.16rem rgba(0,0,0,0.1),0 0.27rem 0.8rem rgba(0,0,0,0.15);z-index:4}.layout_5792 .usg_post_title_1{transition-duration:0s;transform-origin:50% 50%;transform:scale(1) translate(0%,0%)}.layout_5792 .w-grid-item-h:focus-within .usg_post_title_1,.layout_5792 .w-grid-item-h:hover .usg_post_title_1{transform:scale(1) translate(0%,0%);opacity:1;color:#dedc00!important}.layout_5792 .usg_post_image_1{text-align:center!important;font-weight:500!important;width:50%!important}.layout_5792 .usg_post_title_1{color:#303640!important;font-weight:300!important;text-transform:capitalize!important;font-size:1.4rem!important;line-height:35px!important;margin-top:10px!important}.layout_5792 .usg_vwrapper_1{border-radius:10px!important;border:2px solid #f5f5f5!important}@media (max-width:600px){.layout_5792 .usg_post_title_1{font-size:1.2rem!important}}<\/style><div class=\"w-grid-list\">\t<div class=\"w-grid-item type_term term-215 term-lager-gaertank-kuehlung-kuehlmaschinen us_animate_afb ratio_1x1\" style=\"animation-delay:0s\">\r\n\t\t<div class=\"w-grid-item-h\">\r\n\t\t\t\t\t\t\t<a href=\"https:\/\/liquosystems.de\/shop\/lager-gaertank-kuehlung-kuehlmaschinen\/\" class=\"w-grid-item-anchor\" aria-label=\"Lager- &amp; G\u00e4rtank K\u00fchlung K\u00fchlmaschinen\"><\/a>\r\n\t\t\t\t\t\t<div class=\"w-vwrapper usg_vwrapper_1 align_center valign_middle\" style=\"--vwrapper-gap:1.0rem\"><div class=\"w-post-elm post_image usg_post_image_1 has_width stretched\"><img decoding=\"async\" width=\"600\" height=\"600\" src=\"https:\/\/i0.wp.com\/liquosystems.de\/wp-content\/uploads\/2020\/04\/AquaZero-15-kW-_-links-Seite001.jpg?fit=600%2C600&amp;ssl=1\" class=\"attachment-large size-large\" alt=\"\" srcset=\"https:\/\/i0.wp.com\/liquosystems.de\/wp-content\/uploads\/2020\/04\/AquaZero-15-kW-_-links-Seite001.jpg?w=600&amp;ssl=1 600w, https:\/\/i0.wp.com\/liquosystems.de\/wp-content\/uploads\/2020\/04\/AquaZero-15-kW-_-links-Seite001.jpg?resize=300%2C300&amp;ssl=1 300w, https:\/\/i0.wp.com\/liquosystems.de\/wp-content\/uploads\/2020\/04\/AquaZero-15-kW-_-links-Seite001.jpg?resize=150%2C150&amp;ssl=1 150w\" sizes=\"(max-width: 600px) 100vw, 600px\" \/><\/div><div class=\"w-post-elm post_title usg_post_title_1 has_text_color align_center entry-title color_link_inherit\">Lager- &amp; G\u00e4rtank K\u00fchlung K\u00fchlmaschinen<\/div><\/div>\t\t<\/div>\r\n\t\t\t<\/div>\r\n\t<div class=\"w-grid-item type_term term-8 term-bier-weinkeller-lagerkuehlung us_animate_afb ratio_1x1\" style=\"animation-delay:0.1s\">\r\n\t\t<div class=\"w-grid-item-h\">\r\n\t\t\t\t\t\t\t<a href=\"https:\/\/liquosystems.de\/shop\/bier-weinkeller-lagerkuehlung\/\" class=\"w-grid-item-anchor\" aria-label=\"Bier- \/ Weinkeller- &amp; Lagerk\u00fchlung\"><\/a>\r\n\t\t\t\t\t\t<div class=\"w-vwrapper usg_vwrapper_1 align_center valign_middle\" style=\"--vwrapper-gap:1.0rem\"><div class=\"w-post-elm post_image usg_post_image_1 has_width stretched\"><img decoding=\"async\" width=\"600\" height=\"600\" src=\"https:\/\/i0.wp.com\/liquosystems.de\/wp-content\/uploads\/2020\/03\/IdroFlow_01.jpg?fit=600%2C600&amp;ssl=1\" class=\"attachment-large size-large\" alt=\"Lagerk\u00fclung\" srcset=\"https:\/\/i0.wp.com\/liquosystems.de\/wp-content\/uploads\/2020\/03\/IdroFlow_01.jpg?w=600&amp;ssl=1 600w, https:\/\/i0.wp.com\/liquosystems.de\/wp-content\/uploads\/2020\/03\/IdroFlow_01.jpg?resize=300%2C300&amp;ssl=1 300w, https:\/\/i0.wp.com\/liquosystems.de\/wp-content\/uploads\/2020\/03\/IdroFlow_01.jpg?resize=150%2C150&amp;ssl=1 150w\" sizes=\"(max-width: 600px) 100vw, 600px\" \/><\/div><div class=\"w-post-elm post_title usg_post_title_1 has_text_color align_center entry-title color_link_inherit\">Bier- \/ Weinkeller- &amp; Lagerk\u00fchlung<\/div><\/div>\t\t<\/div>\r\n\t\t\t<\/div>\r\n\t<div class=\"w-grid-item type_term term-12 term-maische-wuerzekuehler-waermetauscher us_animate_afb ratio_1x1\" style=\"animation-delay:0.2s\">\r\n\t\t<div class=\"w-grid-item-h\">\r\n\t\t\t\t\t\t\t<a href=\"https:\/\/liquosystems.de\/shop\/maische-wuerzekuehler-waermetauscher\/\" class=\"w-grid-item-anchor\" aria-label=\"Maische- &amp; W\u00fcrzek\u00fchler, W\u00e4rmetauscher\"><\/a>\r\n\t\t\t\t\t\t<div class=\"w-vwrapper usg_vwrapper_1 align_center valign_middle\" style=\"--vwrapper-gap:1.0rem\"><div class=\"w-post-elm post_image usg_post_image_1 has_width stretched\"><img decoding=\"async\" width=\"600\" height=\"600\" src=\"https:\/\/i0.wp.com\/liquosystems.de\/wp-content\/uploads\/2015\/09\/Kuehlplatte-laengsseitig-1.jpg?fit=600%2C600&amp;ssl=1\" class=\"attachment-large size-large\" alt=\"\" srcset=\"https:\/\/i0.wp.com\/liquosystems.de\/wp-content\/uploads\/2015\/09\/Kuehlplatte-laengsseitig-1.jpg?w=600&amp;ssl=1 600w, https:\/\/i0.wp.com\/liquosystems.de\/wp-content\/uploads\/2015\/09\/Kuehlplatte-laengsseitig-1.jpg?resize=300%2C300&amp;ssl=1 300w, https:\/\/i0.wp.com\/liquosystems.de\/wp-content\/uploads\/2015\/09\/Kuehlplatte-laengsseitig-1.jpg?resize=150%2C150&amp;ssl=1 150w, https:\/\/i0.wp.com\/liquosystems.de\/wp-content\/uploads\/2015\/09\/Kuehlplatte-laengsseitig-1.jpg?resize=50%2C50&amp;ssl=1 50w\" sizes=\"(max-width: 600px) 100vw, 600px\" \/><\/div><div class=\"w-post-elm post_title usg_post_title_1 has_text_color align_center entry-title color_link_inherit\">Maische- &amp; W\u00fcrzek\u00fchler, W\u00e4rmetauscher<\/div><\/div>\t\t<\/div>\r\n\t\t\t<\/div>\r\n\t<div class=\"w-grid-item type_term term-13 term-gaersteuerung us_animate_afb ratio_1x1\" style=\"animation-delay:0.3s\">\r\n\t\t<div class=\"w-grid-item-h\">\r\n\t\t\t\t\t\t\t<a href=\"https:\/\/liquosystems.de\/shop\/gaersteuerung\/\" class=\"w-grid-item-anchor\" aria-label=\"G\u00e4rsteuerung\"><\/a>\r\n\t\t\t\t\t\t<div class=\"w-vwrapper usg_vwrapper_1 align_center valign_middle\" style=\"--vwrapper-gap:1.0rem\"><div class=\"w-post-elm post_image usg_post_image_1 has_width stretched\"><img decoding=\"async\" width=\"600\" height=\"600\" src=\"https:\/\/i0.wp.com\/liquosystems.de\/wp-content\/uploads\/2020\/03\/G%C3%A4rsteuerung.jpg?fit=600%2C600&amp;ssl=1\" class=\"attachment-large size-large\" alt=\"Nano Top\" \/><\/div><div class=\"w-post-elm post_title usg_post_title_1 has_text_color align_center entry-title color_link_inherit\">G\u00e4rsteuerung<\/div><\/div>\t\t<\/div>\r\n\t\t\t<\/div>\r\n\t<div class=\"w-grid-item type_term term-17 term-hydraulik us_animate_afb ratio_1x1\" style=\"animation-delay:0.4s\">\r\n\t\t<div class=\"w-grid-item-h\">\r\n\t\t\t\t\t\t\t<a href=\"https:\/\/liquosystems.de\/shop\/hydraulik\/\" class=\"w-grid-item-anchor\" aria-label=\"Hydraulik\"><\/a>\r\n\t\t\t\t\t\t<div class=\"w-vwrapper usg_vwrapper_1 align_center valign_middle\" style=\"--vwrapper-gap:1.0rem\"><div class=\"w-post-elm post_image usg_post_image_1 has_width stretched\"><img decoding=\"async\" width=\"600\" height=\"600\" src=\"https:\/\/i0.wp.com\/liquosystems.de\/wp-content\/uploads\/2020\/03\/Hydraulik.jpg?fit=600%2C600&amp;ssl=1\" class=\"attachment-large size-large\" alt=\"Motorkugelhahn\" srcset=\"https:\/\/i0.wp.com\/liquosystems.de\/wp-content\/uploads\/2020\/03\/Hydraulik.jpg?w=600&amp;ssl=1 600w, https:\/\/i0.wp.com\/liquosystems.de\/wp-content\/uploads\/2020\/03\/Hydraulik.jpg?resize=300%2C300&amp;ssl=1 300w, https:\/\/i0.wp.com\/liquosystems.de\/wp-content\/uploads\/2020\/03\/Hydraulik.jpg?resize=150%2C150&amp;ssl=1 150w\" sizes=\"(max-width: 600px) 100vw, 600px\" \/><\/div><div class=\"w-post-elm post_title usg_post_title_1 has_text_color align_center entry-title color_link_inherit\">Hydraulik<\/div><\/div>\t\t<\/div>\r\n\t\t\t<\/div>\r\n\t<div class=\"w-grid-item type_term term-18 term-elektro us_animate_afb ratio_1x1\" style=\"animation-delay:0.5s\">\r\n\t\t<div class=\"w-grid-item-h\">\r\n\t\t\t\t\t\t\t<a href=\"https:\/\/liquosystems.de\/shop\/elektro\/\" class=\"w-grid-item-anchor\" aria-label=\"Elektro\"><\/a>\r\n\t\t\t\t\t\t<div class=\"w-vwrapper usg_vwrapper_1 align_center valign_middle\" style=\"--vwrapper-gap:1.0rem\"><div class=\"w-post-elm post_image usg_post_image_1 has_width stretched\"><img decoding=\"async\" width=\"600\" height=\"600\" src=\"https:\/\/i0.wp.com\/liquosystems.de\/wp-content\/uploads\/2020\/03\/Elektro.jpg?fit=600%2C600&amp;ssl=1\" class=\"attachment-large size-large\" alt=\"Nano Switch\" srcset=\"https:\/\/i0.wp.com\/liquosystems.de\/wp-content\/uploads\/2020\/03\/Elektro.jpg?w=600&amp;ssl=1 600w, https:\/\/i0.wp.com\/liquosystems.de\/wp-content\/uploads\/2020\/03\/Elektro.jpg?resize=300%2C300&amp;ssl=1 300w, https:\/\/i0.wp.com\/liquosystems.de\/wp-content\/uploads\/2020\/03\/Elektro.jpg?resize=150%2C150&amp;ssl=1 150w\" sizes=\"(max-width: 600px) 100vw, 600px\" \/><\/div><div class=\"w-post-elm post_title usg_post_title_1 has_text_color align_center entry-title color_link_inherit\">Elektro<\/div><\/div>\t\t<\/div>\r\n\t\t\t<\/div>\r\n\t<div class=\"w-grid-item type_term term-83 term-montagesystem us_animate_afb ratio_1x1\" style=\"animation-delay:0.6s\">\r\n\t\t<div class=\"w-grid-item-h\">\r\n\t\t\t\t\t\t\t<a href=\"https:\/\/liquosystems.de\/shop\/montagesystem\/\" class=\"w-grid-item-anchor\" aria-label=\"Montagesystem\"><\/a>\r\n\t\t\t\t\t\t<div class=\"w-vwrapper usg_vwrapper_1 align_center valign_middle\" style=\"--vwrapper-gap:1.0rem\"><div class=\"w-post-elm post_image usg_post_image_1 has_width stretched\"><img decoding=\"async\" width=\"600\" height=\"600\" src=\"https:\/\/i0.wp.com\/liquosystems.de\/wp-content\/uploads\/2015\/11\/VariAll-Gitterrinne.jpg?fit=600%2C600&amp;ssl=1\" class=\"attachment-large size-large\" alt=\"\" srcset=\"https:\/\/i0.wp.com\/liquosystems.de\/wp-content\/uploads\/2015\/11\/VariAll-Gitterrinne.jpg?w=600&amp;ssl=1 600w, https:\/\/i0.wp.com\/liquosystems.de\/wp-content\/uploads\/2015\/11\/VariAll-Gitterrinne.jpg?resize=300%2C300&amp;ssl=1 300w, https:\/\/i0.wp.com\/liquosystems.de\/wp-content\/uploads\/2015\/11\/VariAll-Gitterrinne.jpg?resize=150%2C150&amp;ssl=1 150w, https:\/\/i0.wp.com\/liquosystems.de\/wp-content\/uploads\/2015\/11\/VariAll-Gitterrinne.jpg?resize=50%2C50&amp;ssl=1 50w\" sizes=\"(max-width: 600px) 100vw, 600px\" \/><\/div><div class=\"w-post-elm post_title usg_post_title_1 has_text_color align_center entry-title color_link_inherit\">Montagesystem<\/div><\/div>\t\t<\/div>\r\n\t\t\t<\/div>\r\n\t<div class=\"w-grid-item type_term term-217 term-zubehoer-kategorieuebergreifend us_animate_afb ratio_1x1\" style=\"animation-delay:0.7s\">\r\n\t\t<div class=\"w-grid-item-h\">\r\n\t\t\t\t\t\t\t<a href=\"https:\/\/liquosystems.de\/shop\/zubehoer-kategorieuebergreifend\/\" class=\"w-grid-item-anchor\" aria-label=\"Zubeh\u00f6r\"><\/a>\r\n\t\t\t\t\t\t<div class=\"w-vwrapper usg_vwrapper_1 align_center valign_middle\" style=\"--vwrapper-gap:1.0rem\"><div class=\"w-post-elm post_image usg_post_image_1 has_width stretched\"><img decoding=\"async\" width=\"600\" height=\"600\" src=\"https:\/\/i0.wp.com\/liquosystems.de\/wp-content\/uploads\/2015\/09\/TSH-Einschrauben1.jpg?fit=600%2C600&amp;ssl=1\" class=\"attachment-large size-large\" alt=\"TSH Einschrauben\" srcset=\"https:\/\/i0.wp.com\/liquosystems.de\/wp-content\/uploads\/2015\/09\/TSH-Einschrauben1.jpg?w=600&amp;ssl=1 600w, https:\/\/i0.wp.com\/liquosystems.de\/wp-content\/uploads\/2015\/09\/TSH-Einschrauben1.jpg?resize=300%2C300&amp;ssl=1 300w, https:\/\/i0.wp.com\/liquosystems.de\/wp-content\/uploads\/2015\/09\/TSH-Einschrauben1.jpg?resize=150%2C150&amp;ssl=1 150w, https:\/\/i0.wp.com\/liquosystems.de\/wp-content\/uploads\/2015\/09\/TSH-Einschrauben1.jpg?resize=50%2C50&amp;ssl=1 50w\" sizes=\"(max-width: 600px) 100vw, 600px\" \/><\/div><div class=\"w-post-elm post_title usg_post_title_1 has_text_color align_center entry-title color_link_inherit\">Zubeh\u00f6r<\/div><\/div>\t\t<\/div>\r\n\t\t\t<\/div>\r\n<\/div>\t<div class=\"w-grid-preloader\">\r\n\t\t<div class=\"g-preloader type_custom\">\r\n\t\t\t<div><img decoding=\"async\" width=\"300\" height=\"63\" src=\"https:\/\/i0.wp.com\/liquosystems.de\/wp-content\/uploads\/2017\/07\/LS_nurLogo-e1583913454474.png?fit=300%2C63&amp;ssl=1\" class=\"attachment-medium size-medium\" alt=\"\" srcset=\"https:\/\/i0.wp.com\/liquosystems.de\/wp-content\/uploads\/2017\/07\/LS_nurLogo-e1583913454474.png?w=788&amp;ssl=1 788w, https:\/\/i0.wp.com\/liquosystems.de\/wp-content\/uploads\/2017\/07\/LS_nurLogo-e1583913454474.png?resize=600%2C126&amp;ssl=1 600w, https:\/\/i0.wp.com\/liquosystems.de\/wp-content\/uploads\/2017\/07\/LS_nurLogo-e1583913454474.png?resize=300%2C63&amp;ssl=1 300w\" sizes=\"(max-width: 300px) 100vw, 300px\" \/><\/div>\r\n\t\t<\/div>\r\n\t<\/div>\r\n\t\t<div class=\"w-grid-json hidden\" onclick='return {&quot;action&quot;:&quot;us_ajax_grid&quot;,&quot;infinite_scroll&quot;:0,&quot;max_num_pages&quot;:0,&quot;pagination&quot;:&quot;none&quot;,&quot;template_vars&quot;:{&quot;columns&quot;:&quot;4&quot;,&quot;exclude_items&quot;:&quot;none&quot;,&quot;img_size&quot;:&quot;default&quot;,&quot;ignore_items_size&quot;:0,&quot;items_layout&quot;:&quot;5792&quot;,&quot;items_offset&quot;:&quot;1&quot;,&quot;load_animation&quot;:&quot;afb&quot;,&quot;overriding_link&quot;:&quot;%7B%22type%22%3A%22post%22%7D&quot;,&quot;post_id&quot;:0,&quot;query_args&quot;:false,&quot;orderby_query_args&quot;:{&quot;orderby&quot;:{&quot;date&quot;:&quot;DESC&quot;}},&quot;type&quot;:&quot;masonry&quot;,&quot;us_grid_post_type&quot;:&quot;ids_terms&quot;,&quot;us_grid_ajax_index&quot;:1,&quot;us_grid_filter_query_string&quot;:null,&quot;us_grid_index&quot;:1,&quot;page_args&quot;:[],&quot;lang&quot;:&quot;en&quot;}}'><\/div>\r\n\t<\/div><div class=\"w-separator size_medium\"><\/div><\/div><\/div><\/div><\/div><\/div><\/section>\n","protected":false},"excerpt":{"rendered":"[vc_custom_heading text=\"ALL PRODUCTS\" font_container=\"tag:h2|text_align:center\" use_theme_fonts=\"yes\" css=\"%7B%22default%22%3A%7B%22color%22%3A%22%23dedc00%22%2C%22font-weight%22%3A%22300%22%2C%22font-size%22%3A%2230px%22%2C%22line-height%22%3A%2235px%22%7D%2C%22tablets%22%3A%7B%22color%22%3A%22%23dedc00%22%2C%22font-size%22%3A%2240px%22%2C%22line-height%22%3A%2245px%22%7D%2C%22mobiles%22%3A%7B%22color%22%3A%22%23dedc00%22%2C%22font-size%22%3A%2230px%22%2C%22line-height%22%3A%2235px%22%7D%7D\"] Lager- &amp; G\u00e4rtank K\u00fchlung K\u00fchlmaschinen Bier- \/ Weinkeller- &amp; Lagerk\u00fchlung Maische- &amp; W\u00fcrzek\u00fchler, W\u00e4rmetauscher G\u00e4rsteuerung Hydraulik Elektro Montagesystem Zubeh\u00f6r","protected":false},"author":28,"featured_media":0,"parent":0,"menu_order":0,"comment_status":"closed","ping_status":"closed","template":"","meta":{"footnotes":""},"class_list":["post-7552","page","type-page","status-publish","hentry"],"jetpack_sharing_enabled":true,"_links":{"self":[{"href":"https:\/\/liquosystems.de\/en\/wp-json\/wp\/v2\/pages\/7552","targetHints":{"allow":["GET"]}}],"collection":[{"href":"https:\/\/liquosystems.de\/en\/wp-json\/wp\/v2\/pages"}],"about":[{"href":"https:\/\/liquosystems.de\/en\/wp-json\/wp\/v2\/types\/page"}],"author":[{"embeddable":true,"href":"https:\/\/liquosystems.de\/en\/wp-json\/wp\/v2\/users\/28"}],"replies":[{"embeddable":true,"href":"https:\/\/liquosystems.de\/en\/wp-json\/wp\/v2\/comments?post=7552"}],"version-history":[{"count":9,"href":"https:\/\/liquosystems.de\/en\/wp-json\/wp\/v2\/pages\/7552\/revisions"}],"predecessor-version":[{"id":11643,"href":"https:\/\/liquosystems.de\/en\/wp-json\/wp\/v2\/pages\/7552\/revisions\/11643"}],"wp:attachment":[{"href":"https:\/\/liquosystems.de\/en\/wp-json\/wp\/v2\/media?parent=7552"}],"curies":[{"name":"wp","href":"https:\/\/api.w.org\/{rel}","templated":true}]}}